{"id":2313,"date":"2019-09-05T12:16:08","date_gmt":"2019-09-05T12:16:08","guid":{"rendered":"http:\/\/placemakers.pt\/www\/en\/?page_id=2313"},"modified":"2019-09-05T12:16:08","modified_gmt":"2019-09-05T12:16:08","slug":"teste-3","status":"publish","type":"page","link":"https:\/\/placemakers.pt\/www\/en\/teste-3\/","title":{"rendered":"teste 3"},"content":{"rendered":"<p>Todos os meses passam pelo nosso online mais de 6.5 milh\u00f5es de visitantes. Para n\u00f3s, este n\u00famero confirma a import\u00e2ncia do nosso trabalho. Queremos produzir mais e melhor informa\u00e7\u00e3o, com a liberdade de sempre e sem abdicar da diversidade de opini\u00f5es que enriquece uma sociedade livre. Queremos refor\u00e7ar a nossa investiga\u00e7\u00e3o para garantir um escrut\u00ednio mais eficaz dos poderes. Precisamos que se junte a n\u00f3s neste esfor\u00e7o. A verdade, o pluralismo, a justi\u00e7a, a solidariedade ou a abertura ao mundo s\u00e3o valores que partilhamos consigo.<\/p>\n","protected":false},"excerpt":{"rendered":"<p>Todos os meses passam pelo nosso online mais de 6.5 milh\u00f5es de visitantes. Para n\u00f3s, este n\u00famero confirma a import\u00e2ncia do nosso trabalho. Queremos produzir mais e melhor informa\u00e7\u00e3o, com a liberdade de sempre e sem abdicar da diversidade de opini\u00f5es que enriquece uma sociedade livre. Queremos refor\u00e7ar a nossa investiga\u00e7\u00e3o para garantir um escrut\u00ednio [&hellip;]<\/p>\n","protected":false},"author":1,"featured_media":0,"parent":0,"menu_order":0,"comment_status":"closed","ping_status":"closed","template":"","meta":[],"_links":{"self":[{"href":"https:\/\/placemakers.pt\/www\/en\/wp-json\/wp\/v2\/pages\/2313"}],"collection":[{"href":"https:\/\/placemakers.pt\/www\/en\/wp-json\/wp\/v2\/pages"}],"about":[{"href":"https:\/\/placemakers.pt\/www\/en\/wp-json\/wp\/v2\/types\/page"}],"author":[{"embeddable":true,"href":"https:\/\/placemakers.pt\/www\/en\/wp-json\/wp\/v2\/users\/1"}],"replies":[{"embeddable":true,"href":"https:\/\/placemakers.pt\/www\/en\/wp-json\/wp\/v2\/comments?post=2313"}],"version-history":[{"count":1,"href":"https:\/\/placemakers.pt\/www\/en\/wp-json\/wp\/v2\/pages\/2313\/revisions"}],"predecessor-version":[{"id":2314,"href":"https:\/\/placemakers.pt\/www\/en\/wp-json\/wp\/v2\/pages\/2313\/revisions\/2314"}],"wp:attachment":[{"href":"https:\/\/placemakers.pt\/www\/en\/wp-json\/wp\/v2\/media?parent=2313"}],"curies":[{"name":"wp","href":"https:\/\/api.w.org\/{rel}","templated":true}]}}