{"id":2303,"date":"2019-09-05T11:55:08","date_gmt":"2019-09-05T11:55:08","guid":{"rendered":"http:\/\/placemakers.pt\/www\/?page_id=2303"},"modified":"2019-09-05T12:08:05","modified_gmt":"2019-09-05T12:08:05","slug":"teste-2","status":"publish","type":"page","link":"https:\/\/placemakers.pt\/www\/teste-2\/","title":{"rendered":"Teste 2"},"content":{"rendered":"<p>[et_pb_section admin_label=&#8221;section&#8221;][et_pb_row admin_label=&#8221;row&#8221;][et_pb_column type=&#8221;4_4&#8243;][et_pb_text admin_label=&#8221;Text&#8221; background_layout=&#8221;light&#8221; text_orientation=&#8221;left&#8221; use_border_color=&#8221;off&#8221; border_color=&#8221;#ffffff&#8221; border_style=&#8221;solid&#8221;]<\/p>\n<p>Todos os meses passam pelo nosso online mais de 6.5 milh\u00f5es de visitantes. Para n\u00f3s, este n\u00famero confirma a import\u00e2ncia do nosso trabalho. Queremos produzir mais e melhor informa\u00e7\u00e3o, com a liberdade de sempre e sem abdicar da diversidade de opini\u00f5es que enriquece uma sociedade livre. Queremos refor\u00e7ar a nossa investiga\u00e7\u00e3o para garantir um escrut\u00ednio mais eficaz dos poderes. Precisamos que se junte a n\u00f3s neste esfor\u00e7o. A verdade, o pluralismo, a justi\u00e7a, a solidariedade ou a abertura ao mundo s\u00e3o valores que partilhamos consigo.<\/p>\n<p>[\/et_pb_text][\/et_pb_column][\/et_pb_row][\/et_pb_section]<\/p>\n","protected":false},"excerpt":{"rendered":"<p>[et_pb_section admin_label=&#8221;section&#8221;][et_pb_row admin_label=&#8221;row&#8221;][et_pb_column type=&#8221;4_4&#8243;][et_pb_text admin_label=&#8221;Text&#8221; background_layout=&#8221;light&#8221; text_orientation=&#8221;left&#8221; use_border_color=&#8221;off&#8221; border_color=&#8221;#ffffff&#8221; border_style=&#8221;solid&#8221;] Todos os meses passam pelo nosso online mais de 6.5 milh\u00f5es de visitantes. Para n\u00f3s, este n\u00famero confirma a import\u00e2ncia do nosso trabalho. Queremos produzir mais e melhor informa\u00e7\u00e3o, com a liberdade de sempre e sem abdicar da diversidade de opini\u00f5es que enriquece uma sociedade [&hellip;]<\/p>\n","protected":false},"author":1,"featured_media":0,"parent":0,"menu_order":0,"comment_status":"closed","ping_status":"closed","template":"","meta":[],"_links":{"self":[{"href":"https:\/\/placemakers.pt\/www\/wp-json\/wp\/v2\/pages\/2303"}],"collection":[{"href":"https:\/\/placemakers.pt\/www\/wp-json\/wp\/v2\/pages"}],"about":[{"href":"https:\/\/placemakers.pt\/www\/wp-json\/wp\/v2\/types\/page"}],"author":[{"embeddable":true,"href":"https:\/\/placemakers.pt\/www\/wp-json\/wp\/v2\/users\/1"}],"replies":[{"embeddable":true,"href":"https:\/\/placemakers.pt\/www\/wp-json\/wp\/v2\/comments?post=2303"}],"version-history":[{"count":2,"href":"https:\/\/placemakers.pt\/www\/wp-json\/wp\/v2\/pages\/2303\/revisions"}],"predecessor-version":[{"id":2309,"href":"https:\/\/placemakers.pt\/www\/wp-json\/wp\/v2\/pages\/2303\/revisions\/2309"}],"wp:attachment":[{"href":"https:\/\/placemakers.pt\/www\/wp-json\/wp\/v2\/media?parent=2303"}],"curies":[{"name":"wp","href":"https:\/\/api.w.org\/{rel}","templated":true}]}}